{"id":113,"date":"2024-05-14T14:08:50","date_gmt":"2024-05-14T12:08:50","guid":{"rendered":"https:\/\/www.domaine-sorin-defrance.com\/?page_id=113"},"modified":"2024-05-14T14:08:50","modified_gmt":"2024-05-14T12:08:50","slug":"mentions-legales","status":"publish","type":"page","link":"https:\/\/www.domaine-sorin-defrance.com\/index.php\/mentions-legales\/","title":{"rendered":"Mentions l\u00e9gales"},"content":{"rendered":"\n<h2 class=\"wp-block-heading\">Mentions l\u00e9gales<\/h2>\n\n\n\n<p>Adresse postale<\/p>\n\n\n\n<p>DOMAINE SORIN DE FRANCE<br>11 Bis Rue de Paris<br>89530 Saint-Bris le Vineux<br>France<\/p>\n\n\n\n<p>Siret : 391 048 667 000 11<\/p>\n\n\n\n<p>D\u00e9veloppement et programmation<\/p>\n\n\n\n<p>Site con\u00e7u et d\u00e9velopp\u00e9 par\u00a0Sorin S\u00e9bastien avec le logiciel WordPress.<\/p>\n\n\n\n<p>Pages optimis\u00e9es pour une navigation avec Chrome, Firefox, Safari, Opera et Internet Explorer (version 8 et sup\u00e9rieures) et une r\u00e9solution minimale de 1200 x 1040.<\/p>\n\n\n\n<p>H\u00e9bergement<\/p>\n\n\n\n<p><a href=\"http:\/\/online.net\/\" target=\"_blank\" rel=\"noreferrer noopener\">OVH Groupe SA, soci\u00e9t\u00e9 immatricul\u00e9e au RCS de Lille sous le num\u00e9ro 537 407 926 sise&nbsp;<strong>2, rue Kellermann, 59100 Roubaix<\/strong>.<\/a><\/p>\n","protected":false},"excerpt":{"rendered":"<p>Mentions l\u00e9gales Adresse postale DOMAINE SORIN DE FRANCE11 Bis Rue de Paris89530 Saint-Bris le VineuxFrance Siret : 391 048 667 000 11 D\u00e9veloppement et programmation Site con\u00e7u et d\u00e9velopp\u00e9 par\u00a0Sorin S\u00e9bastien avec le logiciel WordPress. Pages optimis\u00e9es pour une navigation avec Chrome, Firefox, Safari, Opera et Internet Explorer (version 8 et sup\u00e9rieures) et une r\u00e9solution [&hellip;]<\/p>\n","protected":false},"author":1,"featured_media":0,"parent":0,"menu_order":0,"comment_status":"closed","ping_status":"closed","template":"","meta":{"footnotes":""},"class_list":["post-113","page","type-page","status-publish","hentry"],"_links":{"self":[{"href":"https:\/\/www.domaine-sorin-defrance.com\/index.php\/wp-json\/wp\/v2\/pages\/113","targetHints":{"allow":["GET"]}}],"collection":[{"href":"https:\/\/www.domaine-sorin-defrance.com\/index.php\/wp-json\/wp\/v2\/pages"}],"about":[{"href":"https:\/\/www.domaine-sorin-defrance.com\/index.php\/wp-json\/wp\/v2\/types\/page"}],"author":[{"embeddable":true,"href":"https:\/\/www.domaine-sorin-defrance.com\/index.php\/wp-json\/wp\/v2\/users\/1"}],"replies":[{"embeddable":true,"href":"https:\/\/www.domaine-sorin-defrance.com\/index.php\/wp-json\/wp\/v2\/comments?post=113"}],"version-history":[{"count":1,"href":"https:\/\/www.domaine-sorin-defrance.com\/index.php\/wp-json\/wp\/v2\/pages\/113\/revisions"}],"predecessor-version":[{"id":114,"href":"https:\/\/www.domaine-sorin-defrance.com\/index.php\/wp-json\/wp\/v2\/pages\/113\/revisions\/114"}],"wp:attachment":[{"href":"https:\/\/www.domaine-sorin-defrance.com\/index.php\/wp-json\/wp\/v2\/media?parent=113"}],"curies":[{"name":"wp","href":"https:\/\/api.w.org\/{rel}","templated":true}]}}